{"id":872,"date":"2024-01-12T10:22:48","date_gmt":"2024-01-12T09:22:48","guid":{"rendered":"https:\/\/www.vcpec-ipr.com\/?page_id=872"},"modified":"2024-05-21T13:05:09","modified_gmt":"2024-05-21T11:05:09","slug":"phototheque","status":"publish","type":"page","link":"https:\/\/www.vcpec-ipr.com\/index.php\/actualite\/phototheque\/","title":{"rendered":"Phototh\u00e8que"},"content":{"rendered":"\t\t<div data-elementor-type=\"wp-page\" data-elementor-id=\"872\" class=\"elementor elementor-872\" data-elementor-post-type=\"page\">\n\t\t\t\t<div data-particle_enable=\"false\" data-particle-mobile-disabled=\"false\" data-dce-background-image-url=\"http:\/\/www.vcpec-ipr.com\/wp-content\/uploads\/2024\/02\/banner-up-1-2.jpg\" class=\"elementor-element elementor-element-3b7c3ac e-con-full e-flex e-con e-parent\" data-id=\"3b7c3ac\" data-element_type=\"container\" data-settings=\"{&quot;background_background&quot;:&quot;classic&quot;}\">\n\t\t<div data-particle_enable=\"false\" data-particle-mobile-disabled=\"false\" data-dce-background-image-url=\"http:\/\/www.vcpec-ipr.com\/wp-content\/uploads\/2024\/02\/shape-63.png\" class=\"elementor-element elementor-element-06a7067 e-flex e-con-boxed e-con e-child\" data-id=\"06a7067\" data-element_type=\"container\" data-settings=\"{&quot;background_background&quot;:&quot;classic&quot;}\">\n\t\t\t\t\t<div class=\"e-con-inner\">\n\t\t\t\t<div class=\"elementor-element elementor-element-f2febb9 elementor-widget elementor-widget-heading\" data-id=\"f2febb9\" data-element_type=\"widget\" data-widget_type=\"heading.default\">\n\t\t\t\t<div class=\"elementor-widget-container\">\n\t\t\t<style>\/*! elementor - v3.22.0 - 17-06-2024 *\/\n.elementor-heading-title{padding:0;margin:0;line-height:1}.elementor-widget-heading .elementor-heading-title[class*=elementor-size-]>a{color:inherit;font-size:inherit;line-height:inherit}.elementor-widget-heading .elementor-heading-title.elementor-size-small{font-size:15px}.elementor-widget-heading .elementor-heading-title.elementor-size-medium{font-size:19px}.elementor-widget-heading .elementor-heading-title.elementor-size-large{font-size:29px}.elementor-widget-heading .elementor-heading-title.elementor-size-xl{font-size:39px}.elementor-widget-heading .elementor-heading-title.elementor-size-xxl{font-size:59px}<\/style><h2 class=\"elementor-heading-title elementor-size-default\">PHOTOTH\u00c8QUE<\/h2>\t\t<\/div>\n\t\t\t\t<\/div>\n\t\t\t\t\t<\/div>\n\t\t\t\t<\/div>\n\t\t\t\t<\/div>\n\t\t<div data-particle_enable=\"false\" data-particle-mobile-disabled=\"false\" class=\"elementor-element elementor-element-edf2b71 e-con-full e-flex e-con e-parent\" data-id=\"edf2b71\" data-element_type=\"container\">\n\t\t<div data-particle_enable=\"false\" data-particle-mobile-disabled=\"false\" class=\"elementor-element elementor-element-2179ea3 e-flex e-con-boxed e-con e-child\" data-id=\"2179ea3\" data-element_type=\"container\">\n\t\t\t\t\t<div class=\"e-con-inner\">\n\t\t\t\t<div class=\"elementor-element elementor-element-e3a6c8f dce-posts-layout-float dce-col-3 dce-col-tablet-1 dce-col-mobile-1 dce-align-left elementor-widget elementor-widget-dce-dynamicposts-v2\" data-id=\"e3a6c8f\" data-element_type=\"widget\" id=\"phototheque-vcpec\" data-settings=\"{&quot;style_items&quot;:&quot;float&quot;,&quot;templatemode_linkable&quot;:&quot;yes&quot;,&quot;grid_grid_type&quot;:&quot;flex&quot;}\" data-widget_type=\"dce-dynamicposts-v2.grid\">\n\t\t\t\t<div class=\"elementor-widget-container\">\n\t\t\t\n\t\t<div class=\"dce-fix-background-loop dce-posts-container dce-posts dce-dynamic-posts-collection  dce-skin-grid dce-skin-grid-flex\">\n\t\t\t\t\t\t<div class=\"dce-posts-wrapper dce-wrapper-grid\">\n\t\t\t\n\t\t<article class=\"post-2808 post type-post status-publish format-standard has-post-thumbnail hentry category-phototheque dce-post dce-post-item dce-item-grid\" data-dce-post-id=\"2808\" data-dce-post-index=\"0\" data-post-link=\"https:\/\/www.vcpec-ipr.com\/index.php\/2025\/09\/05\/formation-sur-lenquete-transversale-et-le-comptage-des-trous-des-milda-septembre-2025\/\">\n\t\t\t<div class=\"dce-post-block\">\n\t\t<div class=\"dce-image-area dce-item-area\"><div class=\"dce-item dce-item_image elementor-repeater-item-d309ea8\"><a class=\"dce-post-image dce-post-overlayimage\" href=\"https:\/\/www.vcpec-ipr.com\/index.php\/2025\/09\/05\/formation-sur-lenquete-transversale-et-le-comptage-des-trous-des-milda-septembre-2025\/\"><figure  class=\"dce-img\"><img fetchpriority=\"high\" decoding=\"async\" width=\"760\" height=\"549\" src=\"https:\/\/www.vcpec-ipr.com\/wp-content\/uploads\/2025\/09\/formation-sur-l-enquete-transversale-et-le-comptage-des-trous-des-MILDA-1.jpg\" class=\"\" alt=\"Formation sur l\u2019Enqu\u00eate Transversale et le Comptage des Trous des MILDA \u2013 Septembre 2025\" srcset=\"https:\/\/www.vcpec-ipr.com\/wp-content\/uploads\/2025\/09\/formation-sur-l-enquete-transversale-et-le-comptage-des-trous-des-MILDA-1.jpg 760w, https:\/\/www.vcpec-ipr.com\/wp-content\/uploads\/2025\/09\/formation-sur-l-enquete-transversale-et-le-comptage-des-trous-des-MILDA-1-300x217.jpg 300w\" sizes=\"(max-width: 760px) 100vw, 760px\" \/><\/figure><\/a><\/div><\/div><div class=\"dce-content-area dce-item-area\"><div class=\"dce-item dce-item_title elementor-repeater-item-7740d8b\"><h3 class=\"dce-post-title\"><a href=\"https:\/\/www.vcpec-ipr.com\/index.php\/2025\/09\/05\/formation-sur-lenquete-transversale-et-le-comptage-des-trous-des-milda-septembre-2025\/\">Formation sur l\u2019Enqu\u00eate Transversale et le Comptage des Trous des MILDA \u2013 Septembre 2025<\/a><\/h3><\/div><\/div>\t\t\t<\/div>\n\t\t<\/article>\n\t\t\n\t\t<article class=\"post-2532 post type-post status-publish format-standard has-post-thumbnail hentry category-phototheque dce-post dce-post-item dce-item-grid\" data-dce-post-id=\"2532\" data-dce-post-index=\"1\" data-post-link=\"https:\/\/www.vcpec-ipr.com\/index.php\/2025\/05\/01\/celebration-de-la-fete-du-travail-2025-2\/\">\n\t\t\t<div class=\"dce-post-block\">\n\t\t<div class=\"dce-image-area dce-item-area\"><div class=\"dce-item dce-item_image elementor-repeater-item-d309ea8\"><a class=\"dce-post-image dce-post-overlayimage\" href=\"https:\/\/www.vcpec-ipr.com\/index.php\/2025\/05\/01\/celebration-de-la-fete-du-travail-2025-2\/\"><figure  class=\"dce-img\"><img decoding=\"async\" width=\"760\" height=\"549\" src=\"https:\/\/www.vcpec-ipr.com\/wp-content\/uploads\/2025\/06\/fete-du-travail-1.jpg\" class=\"\" alt=\"C\u00e9l\u00e9bration de la f\u00eate du travail 2025\" srcset=\"https:\/\/www.vcpec-ipr.com\/wp-content\/uploads\/2025\/06\/fete-du-travail-1.jpg 760w, https:\/\/www.vcpec-ipr.com\/wp-content\/uploads\/2025\/06\/fete-du-travail-1-300x217.jpg 300w\" sizes=\"(max-width: 760px) 100vw, 760px\" \/><\/figure><\/a><\/div><\/div><div class=\"dce-content-area dce-item-area\"><div class=\"dce-item dce-item_title elementor-repeater-item-7740d8b\"><h3 class=\"dce-post-title\"><a href=\"https:\/\/www.vcpec-ipr.com\/index.php\/2025\/05\/01\/celebration-de-la-fete-du-travail-2025-2\/\">C\u00e9l\u00e9bration de la f\u00eate du travail 2025<\/a><\/h3><\/div><\/div>\t\t\t<\/div>\n\t\t<\/article>\n\t\t\n\t\t<article class=\"post-2528 post type-post status-publish format-standard has-post-thumbnail hentry category-phototheque dce-post dce-post-item dce-item-grid\" data-dce-post-id=\"2528\" data-dce-post-index=\"2\" data-post-link=\"https:\/\/www.vcpec-ipr.com\/index.php\/2025\/04\/26\/activites-de-la-deuxieme-phase-du-projet-nestra-global-fund-2\/\">\n\t\t\t<div class=\"dce-post-block\">\n\t\t<div class=\"dce-image-area dce-item-area\"><div class=\"dce-item dce-item_image elementor-repeater-item-d309ea8\"><a class=\"dce-post-image dce-post-overlayimage\" href=\"https:\/\/www.vcpec-ipr.com\/index.php\/2025\/04\/26\/activites-de-la-deuxieme-phase-du-projet-nestra-global-fund-2\/\"><figure  class=\"dce-img\"><img decoding=\"async\" width=\"760\" height=\"549\" src=\"https:\/\/www.vcpec-ipr.com\/wp-content\/uploads\/2025\/06\/projet-Nestra-Global-Fund-1.jpg\" class=\"\" alt=\"Activit\u00e9s de la deuxi\u00e8me phase du projet NETSTRA Global Fund\" srcset=\"https:\/\/www.vcpec-ipr.com\/wp-content\/uploads\/2025\/06\/projet-Nestra-Global-Fund-1.jpg 760w, https:\/\/www.vcpec-ipr.com\/wp-content\/uploads\/2025\/06\/projet-Nestra-Global-Fund-1-300x217.jpg 300w\" sizes=\"(max-width: 760px) 100vw, 760px\" \/><\/figure><\/a><\/div><\/div><div class=\"dce-content-area dce-item-area\"><div class=\"dce-item dce-item_title elementor-repeater-item-7740d8b\"><h3 class=\"dce-post-title\"><a href=\"https:\/\/www.vcpec-ipr.com\/index.php\/2025\/04\/26\/activites-de-la-deuxieme-phase-du-projet-nestra-global-fund-2\/\">Activit\u00e9s de la deuxi\u00e8me phase du projet NETSTRA Global Fund<\/a><\/h3><\/div><\/div>\t\t\t<\/div>\n\t\t<\/article>\n\t\t\n\t\t<article class=\"post-2793 post type-post status-publish format-standard has-post-thumbnail hentry category-phototheque dce-post dce-post-item dce-item-grid\" data-dce-post-id=\"2793\" data-dce-post-index=\"3\" data-post-link=\"https:\/\/www.vcpec-ipr.com\/index.php\/2025\/03\/21\/lancement-de-la-redaction-du-plan-strategique-national-de-lutte-contre-les-arboviroses-silver-moon-hotel-abidjan-21-mars-2025\/\">\n\t\t\t<div class=\"dce-post-block\">\n\t\t<div class=\"dce-image-area dce-item-area\"><div class=\"dce-item dce-item_image elementor-repeater-item-d309ea8\"><a class=\"dce-post-image dce-post-overlayimage\" href=\"https:\/\/www.vcpec-ipr.com\/index.php\/2025\/03\/21\/lancement-de-la-redaction-du-plan-strategique-national-de-lutte-contre-les-arboviroses-silver-moon-hotel-abidjan-21-mars-2025\/\"><figure  class=\"dce-img\"><img loading=\"lazy\" decoding=\"async\" width=\"760\" height=\"549\" src=\"https:\/\/www.vcpec-ipr.com\/wp-content\/uploads\/2025\/09\/lancement-de-la-redaction-du-pLan-strategique-national-contre-les-arboviroses-1.jpg\" class=\"\" alt=\"Lancement de la R\u00e9daction du Plan Strat\u00e9gique National de Lutte contre les Arboviroses \u2013 Silver Moon H\u00f4tel, Abidjan, 21 mars 2025\" srcset=\"https:\/\/www.vcpec-ipr.com\/wp-content\/uploads\/2025\/09\/lancement-de-la-redaction-du-pLan-strategique-national-contre-les-arboviroses-1.jpg 760w, https:\/\/www.vcpec-ipr.com\/wp-content\/uploads\/2025\/09\/lancement-de-la-redaction-du-pLan-strategique-national-contre-les-arboviroses-1-300x217.jpg 300w\" sizes=\"(max-width: 760px) 100vw, 760px\" \/><\/figure><\/a><\/div><\/div><div class=\"dce-content-area dce-item-area\"><div class=\"dce-item dce-item_title elementor-repeater-item-7740d8b\"><h3 class=\"dce-post-title\"><a href=\"https:\/\/www.vcpec-ipr.com\/index.php\/2025\/03\/21\/lancement-de-la-redaction-du-plan-strategique-national-de-lutte-contre-les-arboviroses-silver-moon-hotel-abidjan-21-mars-2025\/\">Lancement de la R\u00e9daction du Plan Strat\u00e9gique National de Lutte contre les Arboviroses \u2013 Silver Moon H\u00f4tel, Abidjan, 21 mars 2025<\/a><\/h3><\/div><\/div>\t\t\t<\/div>\n\t\t<\/article>\n\t\t\n\t\t<article class=\"post-2782 post type-post status-publish format-standard has-post-thumbnail hentry category-phototheque dce-post dce-post-item dce-item-grid\" data-dce-post-id=\"2782\" data-dce-post-index=\"4\" data-post-link=\"https:\/\/www.vcpec-ipr.com\/index.php\/2025\/03\/19\/formation-des-infirmiers-enqueteurs-dans-le-cadre-de-lenquete-transversale-a-18-mois-post-distribution-de-masse-des-milda-etude-projet-netstra-tiebissou\/\">\n\t\t\t<div class=\"dce-post-block\">\n\t\t<div class=\"dce-image-area dce-item-area\"><div class=\"dce-item dce-item_image elementor-repeater-item-d309ea8\"><a class=\"dce-post-image dce-post-overlayimage\" href=\"https:\/\/www.vcpec-ipr.com\/index.php\/2025\/03\/19\/formation-des-infirmiers-enqueteurs-dans-le-cadre-de-lenquete-transversale-a-18-mois-post-distribution-de-masse-des-milda-etude-projet-netstra-tiebissou\/\"><figure  class=\"dce-img\"><img loading=\"lazy\" decoding=\"async\" width=\"760\" height=\"549\" src=\"https:\/\/www.vcpec-ipr.com\/wp-content\/uploads\/2025\/09\/projet-NETSTRA-tiebissou-image-1.jpg\" class=\"\" alt=\"Formation des Infirmiers Enqu\u00eateurs dans le Cadre de l\u2019Enqu\u00eate Transversale \u00e0 18 Mois post-Distribution de Masse des MILDA \u2013 \u00c9tude Projet NETSTRA TIEBISSOU\" srcset=\"https:\/\/www.vcpec-ipr.com\/wp-content\/uploads\/2025\/09\/projet-NETSTRA-tiebissou-image-1.jpg 760w, https:\/\/www.vcpec-ipr.com\/wp-content\/uploads\/2025\/09\/projet-NETSTRA-tiebissou-image-1-300x217.jpg 300w\" sizes=\"(max-width: 760px) 100vw, 760px\" \/><\/figure><\/a><\/div><\/div><div class=\"dce-content-area dce-item-area\"><div class=\"dce-item dce-item_title elementor-repeater-item-7740d8b\"><h3 class=\"dce-post-title\"><a href=\"https:\/\/www.vcpec-ipr.com\/index.php\/2025\/03\/19\/formation-des-infirmiers-enqueteurs-dans-le-cadre-de-lenquete-transversale-a-18-mois-post-distribution-de-masse-des-milda-etude-projet-netstra-tiebissou\/\">Formation des Infirmiers Enqu\u00eateurs dans le Cadre de l\u2019Enqu\u00eate Transversale \u00e0 18 Mois post-Distribution de Masse des MILDA \u2013 \u00c9tude Projet NETSTRA TIEBISSOU<\/a><\/h3><\/div><\/div>\t\t\t<\/div>\n\t\t<\/article>\n\t\t\n\t\t<article class=\"post-1001 post type-post status-publish format-standard has-post-thumbnail hentry category-phototheque dce-post dce-post-item dce-item-grid\" data-dce-post-id=\"1001\" data-dce-post-index=\"5\" data-post-link=\"https:\/\/www.vcpec-ipr.com\/index.php\/2024\/01\/15\/ouverture-du-laboratoire-vcpec-ipr-de-bouake-copy\/\">\n\t\t\t<div class=\"dce-post-block\">\n\t\t<div class=\"dce-image-area dce-item-area\"><div class=\"dce-item dce-item_image elementor-repeater-item-d309ea8\"><a class=\"dce-post-image dce-post-overlayimage\" href=\"https:\/\/www.vcpec-ipr.com\/index.php\/2024\/01\/15\/ouverture-du-laboratoire-vcpec-ipr-de-bouake-copy\/\"><figure  class=\"dce-img\"><img loading=\"lazy\" decoding=\"async\" width=\"760\" height=\"549\" src=\"https:\/\/www.vcpec-ipr.com\/wp-content\/uploads\/2024\/01\/ouverture-vcpec-ipr.jpg\" class=\"\" alt=\"Ouverture du laboratoire VCPEC-IPR de Bouak\u00e9\" srcset=\"https:\/\/www.vcpec-ipr.com\/wp-content\/uploads\/2024\/01\/ouverture-vcpec-ipr.jpg 760w, https:\/\/www.vcpec-ipr.com\/wp-content\/uploads\/2024\/01\/ouverture-vcpec-ipr-300x217.jpg 300w, https:\/\/www.vcpec-ipr.com\/wp-content\/uploads\/2024\/01\/ouverture-vcpec-ipr-18x12.jpg 18w\" sizes=\"(max-width: 760px) 100vw, 760px\" \/><\/figure><\/a><\/div><\/div><div class=\"dce-content-area dce-item-area\"><div class=\"dce-item dce-item_title elementor-repeater-item-7740d8b\"><h3 class=\"dce-post-title\"><a href=\"https:\/\/www.vcpec-ipr.com\/index.php\/2024\/01\/15\/ouverture-du-laboratoire-vcpec-ipr-de-bouake-copy\/\">Ouverture du laboratoire VCPEC-IPR de Bouak\u00e9<\/a><\/h3><\/div><\/div>\t\t\t<\/div>\n\t\t<\/article>\n\t\t\t\t\t<\/div>\n\t\t\t\t\t<\/div>\n\t\t\t\t<\/div>\n\t\t\t\t<\/div>\n\t\t\t\t\t<\/div>\n\t\t\t\t<\/div>\n\t\t\t\t<\/div>\n\t\t\t\t<\/div>\n\t\t","protected":false},"excerpt":{"rendered":"<p>PHOTOTH\u00c8QUE Ouverture du laboratoire VCPEC-IPR de Bouak\u00e9 Ouverture du laboratoire VCPEC-IPR de Bouak\u00e9 Ouverture du laboratoire VCPEC-IPR de Bouak\u00e9<\/p>\n","protected":false},"author":1,"featured_media":0,"parent":36,"menu_order":0,"comment_status":"closed","ping_status":"closed","template":"","meta":{"site-sidebar-layout":"no-sidebar","site-content-layout":"","ast-site-content-layout":"full-width-container","site-content-style":"default","site-sidebar-style":"default","ast-global-header-display":"","ast-banner-title-visibility":"","ast-main-header-display":"","ast-hfb-above-header-display":"","ast-hfb-below-header-display":"","ast-hfb-mobile-header-display":"","site-post-title":"disabled","ast-breadcrumbs-content":"","ast-featured-img":"disabled","footer-sml-layout":"","theme-transparent-header-meta":"default","adv-header-id-meta":"","stick-header-meta":"","header-above-stick-meta":"","header-main-stick-meta":"","header-below-stick-meta":"","astra-migrate-meta-layouts":"set","ast-page-background-enabled":"default","ast-page-background-meta":{"desktop":{"background-color":"var(--ast-global-color-4)","background-image":"","background-repeat":"repeat","background-position":"center center","background-size":"auto","background-attachment":"scroll","background-type":"","background-media":"","overlay-type":"","overlay-color":"","overlay-opacity":"","overlay-gradient":""},"tablet":{"background-color":"","background-image":"","background-repeat":"repeat","background-position":"center center","background-size":"auto","background-attachment":"scroll","background-type":"","background-media":"","overlay-type":"","overlay-color":"","overlay-opacity":"","overlay-gradient":""},"mobile":{"background-color":"","background-image":"","background-repeat":"repeat","background-position":"center center","background-size":"auto","background-attachment":"scroll","background-type":"","background-media":"","overlay-type":"","overlay-color":"","overlay-opacity":"","overlay-gradient":""}},"ast-content-background-meta":{"desktop":{"background-color":"var(--ast-global-color-5)","background-image":"","background-repeat":"repeat","background-position":"center center","background-size":"auto","background-attachment":"scroll","background-type":"","background-media":"","overlay-type":"","overlay-color":"","overlay-opacity":"","overlay-gradient":""},"tablet":{"background-color":"var(--ast-global-color-5)","background-image":"","background-repeat":"repeat","background-position":"center center","background-size":"auto","background-attachment":"scroll","background-type":"","background-media":"","overlay-type":"","overlay-color":"","overlay-opacity":"","overlay-gradient":""},"mobile":{"background-color":"var(--ast-global-color-5)","background-image":"","background-repeat":"repeat","background-position":"center center","background-size":"auto","background-attachment":"scroll","background-type":"","background-media":"","overlay-type":"","overlay-color":"","overlay-opacity":"","overlay-gradient":""}},"footnotes":""},"class_list":["post-872","page","type-page","status-publish","hentry"],"acf":[],"yoast_head":"<!-- This site is optimized with the Yoast SEO Premium plugin v21.2 (Yoast SEO v23.9) - https:\/\/yoast.com\/wordpress\/plugins\/seo\/ -->\n<title>Phototh\u00e8que - vcpec-ipr.com<\/title>\n<meta name=\"robots\" content=\"index, follow, max-snippet:-1, max-image-preview:large, max-video-preview:-1\" \/>\n<link rel=\"canonical\" href=\"https:\/\/www.vcpec-ipr.com\/index.php\/actualite\/phototheque\/\" \/>\n<meta property=\"og:locale\" content=\"fr_FR\" \/>\n<meta property=\"og:type\" content=\"article\" \/>\n<meta property=\"og:title\" content=\"Phototh\u00e8que\" \/>\n<meta property=\"og:description\" content=\"PHOTOTH\u00c8QUE Ouverture du laboratoire VCPEC-IPR de Bouak\u00e9 Ouverture du laboratoire VCPEC-IPR de Bouak\u00e9 Ouverture du laboratoire VCPEC-IPR de Bouak\u00e9\" \/>\n<meta property=\"og:url\" content=\"https:\/\/www.vcpec-ipr.com\/index.php\/actualite\/phototheque\/\" \/>\n<meta property=\"og:site_name\" content=\"vcpec-ipr.com\" \/>\n<meta property=\"article:modified_time\" content=\"2024-05-21T11:05:09+00:00\" \/>\n<meta property=\"og:image\" content=\"http:\/\/www.vcpec-ipr.com\/wp-content\/uploads\/2024\/01\/ouverture-vcpec-ipr.jpg\" \/>\n<meta name=\"twitter:card\" content=\"summary_large_image\" \/>\n<meta name=\"twitter:label1\" content=\"Dur\u00e9e de lecture estim\u00e9e\" \/>\n\t<meta name=\"twitter:data1\" content=\"1 minute\" \/>\n<script type=\"application\/ld+json\" class=\"yoast-schema-graph\">{\"@context\":\"https:\/\/schema.org\",\"@graph\":[{\"@type\":\"WebPage\",\"@id\":\"https:\/\/www.vcpec-ipr.com\/index.php\/actualite\/phototheque\/\",\"url\":\"https:\/\/www.vcpec-ipr.com\/index.php\/actualite\/phototheque\/\",\"name\":\"Phototh\u00e8que - vcpec-ipr.com\",\"isPartOf\":{\"@id\":\"https:\/\/www.vcpec-ipr.com\/#website\"},\"primaryImageOfPage\":{\"@id\":\"https:\/\/www.vcpec-ipr.com\/index.php\/actualite\/phototheque\/#primaryimage\"},\"image\":{\"@id\":\"https:\/\/www.vcpec-ipr.com\/index.php\/actualite\/phototheque\/#primaryimage\"},\"thumbnailUrl\":\"http:\/\/www.vcpec-ipr.com\/wp-content\/uploads\/2024\/01\/ouverture-vcpec-ipr.jpg\",\"datePublished\":\"2024-01-12T09:22:48+00:00\",\"dateModified\":\"2024-05-21T11:05:09+00:00\",\"breadcrumb\":{\"@id\":\"https:\/\/www.vcpec-ipr.com\/index.php\/actualite\/phototheque\/#breadcrumb\"},\"inLanguage\":\"fr-FR\",\"potentialAction\":[{\"@type\":\"ReadAction\",\"target\":[\"https:\/\/www.vcpec-ipr.com\/index.php\/actualite\/phototheque\/\"]}]},{\"@type\":\"ImageObject\",\"inLanguage\":\"fr-FR\",\"@id\":\"https:\/\/www.vcpec-ipr.com\/index.php\/actualite\/phototheque\/#primaryimage\",\"url\":\"https:\/\/www.vcpec-ipr.com\/wp-content\/uploads\/2024\/01\/ouverture-vcpec-ipr.jpg\",\"contentUrl\":\"https:\/\/www.vcpec-ipr.com\/wp-content\/uploads\/2024\/01\/ouverture-vcpec-ipr.jpg\",\"width\":760,\"height\":549},{\"@type\":\"BreadcrumbList\",\"@id\":\"https:\/\/www.vcpec-ipr.com\/index.php\/actualite\/phototheque\/#breadcrumb\",\"itemListElement\":[{\"@type\":\"ListItem\",\"position\":1,\"name\":\"Home\",\"item\":\"https:\/\/www.vcpec-ipr.com\/\"},{\"@type\":\"ListItem\",\"position\":2,\"name\":\"Actualit\u00e9\",\"item\":\"https:\/\/www.vcpec-ipr.com\/index.php\/actualite\/\"},{\"@type\":\"ListItem\",\"position\":3,\"name\":\"Phototh\u00e8que\"}]},{\"@type\":\"WebSite\",\"@id\":\"https:\/\/www.vcpec-ipr.com\/#website\",\"url\":\"https:\/\/www.vcpec-ipr.com\/\",\"name\":\"vcpec-ipr.com\",\"description\":\"\",\"publisher\":{\"@id\":\"https:\/\/www.vcpec-ipr.com\/#organization\"},\"potentialAction\":[{\"@type\":\"SearchAction\",\"target\":{\"@type\":\"EntryPoint\",\"urlTemplate\":\"https:\/\/www.vcpec-ipr.com\/?s={search_term_string}\"},\"query-input\":{\"@type\":\"PropertyValueSpecification\",\"valueRequired\":true,\"valueName\":\"search_term_string\"}}],\"inLanguage\":\"fr-FR\"},{\"@type\":\"Organization\",\"@id\":\"https:\/\/www.vcpec-ipr.com\/#organization\",\"name\":\"vcpec-ipr.com\",\"url\":\"https:\/\/www.vcpec-ipr.com\/\",\"logo\":{\"@type\":\"ImageObject\",\"inLanguage\":\"fr-FR\",\"@id\":\"https:\/\/www.vcpec-ipr.com\/#\/schema\/logo\/image\/\",\"url\":\"https:\/\/www.vcpec-ipr.com\/wp-content\/uploads\/2023\/09\/logo-vcpec-300x300-1.png\",\"contentUrl\":\"https:\/\/www.vcpec-ipr.com\/wp-content\/uploads\/2023\/09\/logo-vcpec-300x300-1.png\",\"width\":300,\"height\":300,\"caption\":\"vcpec-ipr.com\"},\"image\":{\"@id\":\"https:\/\/www.vcpec-ipr.com\/#\/schema\/logo\/image\/\"}}]}<\/script>\n<!-- \/ Yoast SEO Premium plugin. -->","yoast_head_json":{"title":"Phototh\u00e8que - vcpec-ipr.com","robots":{"index":"index","follow":"follow","max-snippet":"max-snippet:-1","max-image-preview":"max-image-preview:large","max-video-preview":"max-video-preview:-1"},"canonical":"https:\/\/www.vcpec-ipr.com\/index.php\/actualite\/phototheque\/","og_locale":"fr_FR","og_type":"article","og_title":"Phototh\u00e8que","og_description":"PHOTOTH\u00c8QUE Ouverture du laboratoire VCPEC-IPR de Bouak\u00e9 Ouverture du laboratoire VCPEC-IPR de Bouak\u00e9 Ouverture du laboratoire VCPEC-IPR de Bouak\u00e9","og_url":"https:\/\/www.vcpec-ipr.com\/index.php\/actualite\/phototheque\/","og_site_name":"vcpec-ipr.com","article_modified_time":"2024-05-21T11:05:09+00:00","og_image":[{"url":"http:\/\/www.vcpec-ipr.com\/wp-content\/uploads\/2024\/01\/ouverture-vcpec-ipr.jpg"}],"twitter_card":"summary_large_image","twitter_misc":{"Dur\u00e9e de lecture estim\u00e9e":"1 minute"},"schema":{"@context":"https:\/\/schema.org","@graph":[{"@type":"WebPage","@id":"https:\/\/www.vcpec-ipr.com\/index.php\/actualite\/phototheque\/","url":"https:\/\/www.vcpec-ipr.com\/index.php\/actualite\/phototheque\/","name":"Phototh\u00e8que - vcpec-ipr.com","isPartOf":{"@id":"https:\/\/www.vcpec-ipr.com\/#website"},"primaryImageOfPage":{"@id":"https:\/\/www.vcpec-ipr.com\/index.php\/actualite\/phototheque\/#primaryimage"},"image":{"@id":"https:\/\/www.vcpec-ipr.com\/index.php\/actualite\/phototheque\/#primaryimage"},"thumbnailUrl":"http:\/\/www.vcpec-ipr.com\/wp-content\/uploads\/2024\/01\/ouverture-vcpec-ipr.jpg","datePublished":"2024-01-12T09:22:48+00:00","dateModified":"2024-05-21T11:05:09+00:00","breadcrumb":{"@id":"https:\/\/www.vcpec-ipr.com\/index.php\/actualite\/phototheque\/#breadcrumb"},"inLanguage":"fr-FR","potentialAction":[{"@type":"ReadAction","target":["https:\/\/www.vcpec-ipr.com\/index.php\/actualite\/phototheque\/"]}]},{"@type":"ImageObject","inLanguage":"fr-FR","@id":"https:\/\/www.vcpec-ipr.com\/index.php\/actualite\/phototheque\/#primaryimage","url":"https:\/\/www.vcpec-ipr.com\/wp-content\/uploads\/2024\/01\/ouverture-vcpec-ipr.jpg","contentUrl":"https:\/\/www.vcpec-ipr.com\/wp-content\/uploads\/2024\/01\/ouverture-vcpec-ipr.jpg","width":760,"height":549},{"@type":"BreadcrumbList","@id":"https:\/\/www.vcpec-ipr.com\/index.php\/actualite\/phototheque\/#breadcrumb","itemListElement":[{"@type":"ListItem","position":1,"name":"Home","item":"https:\/\/www.vcpec-ipr.com\/"},{"@type":"ListItem","position":2,"name":"Actualit\u00e9","item":"https:\/\/www.vcpec-ipr.com\/index.php\/actualite\/"},{"@type":"ListItem","position":3,"name":"Phototh\u00e8que"}]},{"@type":"WebSite","@id":"https:\/\/www.vcpec-ipr.com\/#website","url":"https:\/\/www.vcpec-ipr.com\/","name":"vcpec-ipr.com","description":"","publisher":{"@id":"https:\/\/www.vcpec-ipr.com\/#organization"},"potentialAction":[{"@type":"SearchAction","target":{"@type":"EntryPoint","urlTemplate":"https:\/\/www.vcpec-ipr.com\/?s={search_term_string}"},"query-input":{"@type":"PropertyValueSpecification","valueRequired":true,"valueName":"search_term_string"}}],"inLanguage":"fr-FR"},{"@type":"Organization","@id":"https:\/\/www.vcpec-ipr.com\/#organization","name":"vcpec-ipr.com","url":"https:\/\/www.vcpec-ipr.com\/","logo":{"@type":"ImageObject","inLanguage":"fr-FR","@id":"https:\/\/www.vcpec-ipr.com\/#\/schema\/logo\/image\/","url":"https:\/\/www.vcpec-ipr.com\/wp-content\/uploads\/2023\/09\/logo-vcpec-300x300-1.png","contentUrl":"https:\/\/www.vcpec-ipr.com\/wp-content\/uploads\/2023\/09\/logo-vcpec-300x300-1.png","width":300,"height":300,"caption":"vcpec-ipr.com"},"image":{"@id":"https:\/\/www.vcpec-ipr.com\/#\/schema\/logo\/image\/"}}]}},"_links":{"self":[{"href":"https:\/\/www.vcpec-ipr.com\/index.php\/wp-json\/wp\/v2\/pages\/872","targetHints":{"allow":["GET"]}}],"collection":[{"href":"https:\/\/www.vcpec-ipr.com\/index.php\/wp-json\/wp\/v2\/pages"}],"about":[{"href":"https:\/\/www.vcpec-ipr.com\/index.php\/wp-json\/wp\/v2\/types\/page"}],"author":[{"embeddable":true,"href":"https:\/\/www.vcpec-ipr.com\/index.php\/wp-json\/wp\/v2\/users\/1"}],"replies":[{"embeddable":true,"href":"https:\/\/www.vcpec-ipr.com\/index.php\/wp-json\/wp\/v2\/comments?post=872"}],"version-history":[{"count":22,"href":"https:\/\/www.vcpec-ipr.com\/index.php\/wp-json\/wp\/v2\/pages\/872\/revisions"}],"predecessor-version":[{"id":2110,"href":"https:\/\/www.vcpec-ipr.com\/index.php\/wp-json\/wp\/v2\/pages\/872\/revisions\/2110"}],"up":[{"embeddable":true,"href":"https:\/\/www.vcpec-ipr.com\/index.php\/wp-json\/wp\/v2\/pages\/36"}],"wp:attachment":[{"href":"https:\/\/www.vcpec-ipr.com\/index.php\/wp-json\/wp\/v2\/media?parent=872"}],"curies":[{"name":"wp","href":"https:\/\/api.w.org\/{rel}","templated":true}]}}